{"id":11142,"date":"2024-08-14T15:36:00","date_gmt":"2024-08-14T15:36:00","guid":{"rendered":"https:\/\/friedmann-print.de\/?page_id=11142"},"modified":"2026-02-02T09:40:04","modified_gmt":"2026-02-02T09:40:04","slug":"danke","status":"publish","type":"page","link":"https:\/\/friedmann-print.de\/de\/danke","title":{"rendered":"Danke"},"content":{"rendered":"<p>[et_pb_section fb_built=&#8220;1&#8243; fullwidth=&#8220;on&#8220; module_class=&#8220;top-header&#8220; _builder_version=&#8220;4.16&#8243; global_colors_info=&#8220;{}&#8220;][et_pb_fullwidth_code disabled_on=&#8220;on|off|off&#8220; _builder_version=&#8220;4.27.0&#8243; background_color=&#8220;#ffffff&#8220; global_colors_info=&#8220;{}&#8220;]<\/p>\n<div  class=\"pvo-hero-container\"><!-- [et_pb_line_break_holder] -->  <\/p>\n<div class=\"pvo-hero-left pvo-flex\" style=\"background-image: url('https:\/\/friedmann-print.de\/wp-content\/uploads\/2020\/06\/Bild9_comp.jpeg')\"><!-- [et_pb_line_break_holder] -->    <img decoding=\"async\" style=\"height: 75% !important; width: auto; margin: auto 0;\" src=\"https:\/\/friedmann-print.de\/wp-content\/uploads\/2019\/08\/FPDS-logo-max.png\"><!-- [et_pb_line_break_holder] -->  <\/div>\n<p><!-- [et_pb_line_break_holder] -->  <\/p>\n<div class=\"pvo-hero-right\"><!-- [et_pb_line_break_holder] -->    <\/p>\n<div clas=\"aside-container\"><!-- [et_pb_line_break_holder] -->      <\/p>\n<ul class=\"lang-ul\"><!-- [et_pb_line_break_holder] -->        <\/p>\n<li><span class=\"divider\"><\/span><\/li>\n<p><!-- [et_pb_line_break_holder] -->      <\/p>\n<li><a class=\"vertical-rl anchor-active\" href=\"#\"><!-- [et_pb_line_break_holder] -->        Deutsch<!-- [et_pb_line_break_holder] -->      <\/a><\/li>\n<p><!-- [et_pb_line_break_holder] -->      <\/p>\n<li><a class=\"vertical-rl pvo_hide\" href=\"https:\/\/friedmann-print.de\/en\/puzzle\"><!-- [et_pb_line_break_holder] -->        Englisch<!-- [et_pb_line_break_holder] -->        <\/a><\/li>\n<p><!-- [et_pb_line_break_holder] -->        <\/p>\n<li><a class=\"vertical-rl pvo_hide \" href=\"https:\/\/friedmann-print.de\/fr\/puzzle\"><!-- [et_pb_line_break_holder] -->        Franz\u00f6sisch<!-- [et_pb_line_break_holder] -->        <\/a><\/li>\n<p><!-- [et_pb_line_break_holder] -->        <\/ul>\n<p>  <!-- [et_pb_line_break_holder] -->  <\/div>\n<p><!-- [et_pb_line_break_holder] --><\/div>\n<p><!-- [et_pb_line_break_holder] --><!-- [et_pb_line_break_holder] -->  <!-- [et_pb_line_break_holder] --><!-- [et_pb_line_break_holder] --><!-- [et_pb_line_break_holder] -->      <!-- [et_pb_line_break_holder] -->    [\/et_pb_fullwidth_code][\/et_pb_section][et_pb_section fb_built=&#8220;1&#8243; disabled_on=&#8220;on|off|off&#8220; _builder_version=&#8220;4.16&#8243; custom_padding=&#8220;0px||99px|||&#8220; global_colors_info=&#8220;{}&#8220;][et_pb_row admin_label=&#8220;Vector&#8220; _builder_version=&#8220;3.29.3&#8243; custom_padding=&#8220;88px|||||&#8220; global_module=&#8220;1174&#8243; saved_tabs=&#8220;all&#8220; global_colors_info=&#8220;{}&#8220;][et_pb_column type=&#8220;4_4&#8243; _builder_version=&#8220;4.16&#8243; global_colors_info=&#8220;{}&#8220;][et_pb_code _builder_version=&#8220;4.16&#8243; _module_preset=&#8220;default&#8220; global_colors_info=&#8220;{}&#8220;]<\/p>\n<div class=\"vector-container\"><!-- [et_pb_line_break_holder] -->  <\/p>\n<div class=\"vector vector1\"><\/div>\n<p><!-- [et_pb_line_break_holder] -->  <\/p>\n<div class=\"vector vector2\"><\/div>\n<p><!-- [et_pb_line_break_holder] -->  <\/p>\n<div class=\"vector vector3\"><\/div>\n<p><!-- [et_pb_line_break_holder] -->  <\/p>\n<div class=\"vector vector4\"><\/div>\n<p><!-- [et_pb_line_break_holder] -->  <\/p>\n<div class=\"vector vector5\"><\/div>\n<p>\t<!-- [et_pb_line_break_holder] -->  <\/p>\n<div class=\"vector vector6\"><\/div>\n<p>\t<!-- [et_pb_line_break_holder] --><\/div>\n<p>[\/et_pb_code][\/et_pb_column][\/et_pb_row][et_pb_row column_structure=&#8220;1_3,2_3&#8243; use_custom_gutter=&#8220;on&#8220; gutter_width=&#8220;2&#8243; module_class=&#8220;container-rel&#8220; _builder_version=&#8220;4.16&#8243; width=&#8220;100%&#8220; custom_padding=&#8220;55px||35px|10%|false|false&#8220; global_colors_info=&#8220;{}&#8220;][et_pb_column type=&#8220;1_3&#8243; _builder_version=&#8220;4.16&#8243; global_colors_info=&#8220;{}&#8220;][et_pb_text _builder_version=&#8220;4.27.0&#8243; header_line_height=&#8220;0em&#8220; width=&#8220;100%&#8220; custom_padding=&#8220;|||3px|false|false&#8220; hover_enabled=&#8220;0&#8243; global_colors_info=&#8220;{}&#8220; sticky_enabled=&#8220;0&#8243;]<\/p>\n<h3 style=\"line-height: 95%; font-weight: bold; letter-spacing: -0.04em;\">Danke f\u00fcr Ihr Vertrauen<\/h3>\n<p>[\/et_pb_text][et_pb_code _builder_version=&#8220;4.16&#8243; custom_margin=&#8220;||-128px|||&#8220; hover_enabled=&#8220;0&#8243; global_colors_info=&#8220;{}&#8220; sticky_enabled=&#8220;0&#8243;][\/et_pb_code][\/et_pb_column][et_pb_column type=&#8220;2_3&#8243; _builder_version=&#8220;4.16&#8243; global_colors_info=&#8220;{}&#8220;][et_pb_text _builder_version=&#8220;4.27.0&#8243; text_font=&#8220;Roboto||||||||&#8220; text_text_color=&#8220;#000000&#8243; text_font_size=&#8220;18px&#8220; width=&#8220;100%&#8220; custom_margin=&#8220;|24px|0px|-3px|false|false&#8220; custom_padding=&#8220;90px||90px||false|false&#8220; custom_css_main_element=&#8220;margin-top: 40px;||width: 85%;&#8220; global_colors_info=&#8220;{}&#8220;]<\/p>\n<p class=\"copy\">Vielen Dank f\u00fcr Ihr Vertrauen in unsere Produkte und unser Unternehmen. Ihre Zufriedenheit liegt uns besonders am Herzen, und wir arbeiten kontinuierlich daran, unsere Leistungen zu verbessern, um Ihnen stets die Beste Erfahrung mit uns zu bieten.<\/p>\n<p class=\"copy\">Um unseren Service weiter zu optimieren, sind wir auf Ihre Meinung angewiesen. Ihre Bewertung gibt uns wertvolle Einblicke: Was machen wir bereits richtig, und in welchen Bereichen k\u00f6nnen wir uns noch steigern? Durch Ihr Feedback helfen Sie uns, gezielt an den Aspekten zu arbeiten, die Ihnen wichtig sind, um unsere Produkte sowie unseren Service weiterzuentwickeln.<\/p>\n<p class=\"copy\">Wir m\u00f6chten, dass Sie auch in Zukunft rundum zufrieden sind und weiterhin von uns \u00fcberzeugt bleiben. Deshalb freuen wir uns \u00fcber Ihre ehrliche Bewertung. Gemeinsam sorgen wir daf\u00fcr, dass wir Ihre Erwartungen nicht nur erf\u00fcllen, sondern \u00fcbertreffen.<\/p>\n<p>[\/et_pb_text][et_pb_code _builder_version=&#8220;4.27.0&#8243; _module_preset=&#8220;default&#8220; global_colors_info=&#8220;{}&#8220;]<a class=\"mehr-erfahren\" href=\"https:\/\/www.google.com\/search?sca_esv=3432430361d16391&#038;hl=de&#038;authuser=0&#038;tbm=lcl&#038;sxsrf=ADLYWIIiVhtx62OuEsVT73DkIXwYFLnkMw:1723623936559&#038;q=Friedmann+Print+Data+Solutions+GmbH+Rezensionen&#038;rflfq=1&#038;num=20&#038;stick=H4sIAAAAAAAAAONgkxI0NTe1MLY0MzaxtDA3MzcxMNnAyPiKUd-tKDM1JTcxL08hoCgzr0TBJbEkUSE4P6e0JDM_r1jBPTfJQyEotSo1rxjIT81bxEqqDgDk9yDGfAAAAA&#038;rldimm=57583963498767404&#038;sa=X&#038;ved=2ahUKEwj43tvDh_SHAxV2nf0HHb-NHcgQ9fQKegQIMxAF&#038;biw=1719&#038;bih=1234&#038;dpr=1#lkt=LocalPoiReviews\">Bewertung abgeben<\/a>[\/et_pb_code][\/et_pb_column][\/et_pb_row][\/et_pb_section][et_pb_section fb_built=&#8220;1&#8243; disabled_on=&#8220;off|on|on&#8220; _builder_version=&#8220;4.16&#8243; custom_padding=&#8220;||6px|||&#8220; global_colors_info=&#8220;{}&#8220;][et_pb_row _builder_version=&#8220;4.16&#8243; global_colors_info=&#8220;{}&#8220;][et_pb_column type=&#8220;4_4&#8243; _builder_version=&#8220;4.16&#8243; global_colors_info=&#8220;{}&#8220;][et_pb_text _builder_version=&#8220;4.27.0&#8243; custom_padding=&#8220;||0px|||&#8220; custom_css_main_element=&#8220;margin-top: -10px !important;&#8220; global_colors_info=&#8220;{}&#8220;]<\/p>\n<h3 style=\"line-height: 95%; font-weight: bold; font-size: 36px !important; letter-spacing: -0.04em;\">Danke f\u00fcr Ihr<br \/>\nVertrauen<\/h3>\n<p style=\"padding-top: 30px;\" class=\"copy\">Vielen Dank f\u00fcr Ihr Vertrauen in unsere Produkte und unser Unternehmen. Ihre Zufriedenheit liegt uns besonders am Herzen, und wir arbeiten kontinuierlich daran, unsere Leistungen zu verbessern, um Ihnen stets die Beste Erfahrung mit uns zu bieten<\/p>\n<p class=\"copy\" style=\"padding-top: 0 !important;\">Um unseren Service weiter zu optimieren, sind wir auf Ihre Meinung angewiesen. Ihre Bewertung gibt uns wertvolle Einblicke: Was machen wir bereits richtig, und in welchen Bereichen k\u00f6nnen wir uns noch steigern? Durch Ihr Feedback helfen Sie uns, gezielt an den Aspekten zu arbeiten, die Ihnen wichtig sind, um unsere Produkte sowie unseren Service weiterzuentwickeln.<\/p>\n<p class=\"copy\">Wir m\u00f6chten, dass Sie auch in Zukunft rundum zufrieden sind und weiterhin von uns \u00fcberzeugt bleiben. Deshalb freuen wir uns \u00fcber Ihre ehrliche Bewertung. Gemeinsam sorgen wir daf\u00fcr, dass wir Ihre Erwartungen nicht nur erf\u00fcllen, sondern \u00fcbertreffen.<\/p>\n<p>[\/et_pb_text][et_pb_code _builder_version=&#8220;4.27.5&#8243; _module_preset=&#8220;default&#8220; custom_padding=&#8220;|||28px||&#8220; hover_enabled=&#8220;0&#8243; global_colors_info=&#8220;{}&#8220; sticky_enabled=&#8220;0&#8243;]<a class=\"mehr-erfahren\" href=\"https:\/\/g.page\/r\/CSxkGklPlMwAEBM\/review\">Bewertung abgeben<\/a>[\/et_pb_code][\/et_pb_column][\/et_pb_row][\/et_pb_section][et_pb_section fb_built=&#8220;1&#8243; _builder_version=&#8220;4.27.0&#8243; _module_preset=&#8220;default&#8220; global_colors_info=&#8220;{}&#8220;][et_pb_row column_structure=&#8220;1_3,1_3,1_3&#8243; _builder_version=&#8220;4.27.0&#8243; _module_preset=&#8220;default&#8220; global_colors_info=&#8220;{}&#8220;][et_pb_column type=&#8220;1_3&#8243; _builder_version=&#8220;4.27.0&#8243; _module_preset=&#8220;default&#8220; global_colors_info=&#8220;{}&#8220;][et_pb_image src=&#8220;https:\/\/friedmann-print.de\/wp-content\/uploads\/2024\/08\/Bewertung-1_final.jpg&#8220; title_text=&#8220;Bewertung 1_final&#8220; _builder_version=&#8220;4.27.0&#8243; _module_preset=&#8220;default&#8220; global_colors_info=&#8220;{}&#8220;][\/et_pb_image][et_pb_image src=&#8220;https:\/\/friedmann-print.de\/wp-content\/uploads\/2024\/08\/Bewertung-4_final.jpg&#8220; title_text=&#8220;Bewertung 4_final&#8220; _builder_version=&#8220;4.27.0&#8243; _module_preset=&#8220;default&#8220; global_colors_info=&#8220;{}&#8220;][\/et_pb_image][et_pb_image src=&#8220;https:\/\/friedmann-print.de\/wp-content\/uploads\/2024\/08\/Bewertung-3_final.jpg&#8220; title_text=&#8220;Bewertung 3_final&#8220; _builder_version=&#8220;4.27.0&#8243; _module_preset=&#8220;default&#8220; global_colors_info=&#8220;{}&#8220;][\/et_pb_image][\/et_pb_column][et_pb_column type=&#8220;1_3&#8243; _builder_version=&#8220;4.27.0&#8243; _module_preset=&#8220;default&#8220; global_colors_info=&#8220;{}&#8220;][et_pb_image src=&#8220;https:\/\/friedmann-print.de\/wp-content\/uploads\/2024\/08\/Bewertung-2_final.jpg&#8220; title_text=&#8220;Bewertung 2_final&#8220; _builder_version=&#8220;4.27.0&#8243; _module_preset=&#8220;default&#8220; global_colors_info=&#8220;{}&#8220;][\/et_pb_image][et_pb_image src=&#8220;https:\/\/friedmann-print.de\/wp-content\/uploads\/2024\/08\/Bewertung-6_final.jpg&#8220; title_text=&#8220;Bewertung 6_final&#8220; _builder_version=&#8220;4.27.0&#8243; _module_preset=&#8220;default&#8220; global_colors_info=&#8220;{}&#8220;][\/et_pb_image][\/et_pb_column][et_pb_column type=&#8220;1_3&#8243; _builder_version=&#8220;4.27.0&#8243; _module_preset=&#8220;default&#8220; global_colors_info=&#8220;{}&#8220;][et_pb_image src=&#8220;https:\/\/friedmann-print.de\/wp-content\/uploads\/2024\/08\/Bewertung-5_final.jpg&#8220; title_text=&#8220;Bewertung 5_final&#8220; _builder_version=&#8220;4.27.0&#8243; _module_preset=&#8220;default&#8220; global_colors_info=&#8220;{}&#8220;][\/et_pb_image][\/et_pb_column][\/et_pb_row][\/et_pb_section][et_pb_section fb_built=&#8220;1&#8243; fullwidth=&#8220;on&#8220; disabled_on=&#8220;off|on|on&#8220; _builder_version=&#8220;4.4.8&#8243; global_module=&#8220;5936&#8243; saved_tabs=&#8220;all&#8220; global_colors_info=&#8220;{}&#8220;][et_pb_fullwidth_code _builder_version=&#8220;4.16&#8243; global_colors_info=&#8220;{}&#8220;]<\/p>\n<div class=\"pvo-footer-container-mobile\"><!-- [et_pb_line_break_holder] --> \t\t\t<\/p>\n<div class=\"footer-left\"><!-- [et_pb_line_break_holder] -->    \t\t\t<\/p>\n<ul><!-- [et_pb_line_break_holder] -->     \t\t\t\t<\/p>\n<li class=\"pvo-logo-container\"><img decoding=\"async\" src=\"https:\/\/friedmann-photos.com\/wp-content\/uploads\/2019\/08\/FPDS-logo-white.png\" style=\"height: 40px; width: auto;\"><\/li>\n<p><!-- [et_pb_line_break_holder] -->   \t\t\t\t<\/ul>\n<p><!-- [et_pb_line_break_holder] -->  \t\t\t<\/div>\n<p><!-- [et_pb_line_break_holder] -->  \t\t\t<\/p>\n<div class=\"footer-right\"><!-- [et_pb_line_break_holder] -->  \t\t\t\t <svg xmlns=\"http:\/\/www.w3.org\/2000\/svg\" width=\"105\" height=\"60\" viewBox=\"0 0 105 60\"><!-- [et_pb_line_break_holder] -->  <g id=\"Gruppe_2\" data-name=\"Gruppe 2\" transform=\"translate(-575 -267)\"><!-- [et_pb_line_break_holder] -->    <text id=\"_passion.\" data-name=\"<!-- [et_pb_line_break_holder] --><!-- [et_pb_line_break_holder] -->   passion.&#8220; transform=&#8220;translate(680 287)&#8220; fill=&#8220;#fff&#8220; font-size=&#8220;20&#8243; font-family=&#8220;HelveticaNeue-Bold, Helvetica Neue&#8220; font-weight=&#8220;700&#8243;><tspan x=\"0\" y=\"0\"><\/tspan><tspan x=\"0\" y=\"18\"><\/tspan><tspan x=\"-96.66\" y=\"36\" xml:space=\"preserve\">   passion.<\/tspan><\/text><!-- [et_pb_line_break_holder] -->    <text id=\"Innovation_is_our_\" data-name=\"Innovation<!-- [et_pb_line_break_holder] -->is our<!-- [et_pb_line_break_holder] -->    &#8220; transform=&#8220;translate(575 287)&#8220; fill=&#8220;#fff&#8220; font-size=&#8220;20&#8243; font-family=&#8220;HelveticaNeue-Bold, Helvetica Neue&#8220; font-weight=&#8220;700&#8243;><tspan x=\"0\" y=\"0\">Innovation<\/tspan><tspan x=\"0\" y=\"18\">is our<\/tspan><tspan x=\"0\" y=\"36\" xml:space=\"preserve\">    <\/tspan><\/text><!-- [et_pb_line_break_holder] -->  <\/g><!-- [et_pb_line_break_holder] --><\/svg><!-- [et_pb_line_break_holder] -->  \t\t\t<\/div>\n<p><!-- [et_pb_line_break_holder] -->\t\t<\/div>\n<p><!-- [et_pb_line_break_holder] --><\/p>\n<div class=\"footer-mobil-legal\"><!-- [et_pb_line_break_holder] -->    <a href=\"https:\/\/friedmann-print.de\/impressum\">Impressum<\/a><!-- [et_pb_line_break_holder] -->    <a href=\"https:\/\/friedmann-print.de\/datenschutzerklaerung\">Datenschutzerkl\u00e4rung<\/a><!-- [et_pb_line_break_holder] -->    <a href=\"https:\/\/friedmann-print.de\/agb\">AGB<\/a><!-- [et_pb_line_break_holder] -->  <!-- [et_pb_line_break_holder] -->  <\/div>\n<p>[\/et_pb_fullwidth_code][\/et_pb_section]<\/p>\n","protected":false},"excerpt":{"rendered":"<p>Danke f\u00fcr Ihr VertrauenVielen Dank f\u00fcr Ihr Vertrauen in unsere Produkte und unser Unternehmen. Ihre Zufriedenheit liegt uns besonders am Herzen, und wir arbeiten kontinuierlich daran, unsere Leistungen zu verbessern, um Ihnen stets die Beste Erfahrung mit uns zu bieten. Um unseren Service weiter zu optimieren, sind wir auf Ihre Meinung angewiesen. Ihre Bewertung gibt [&hellip;]<\/p>\n","protected":false},"author":1,"featured_media":0,"parent":0,"menu_order":0,"comment_status":"closed","ping_status":"closed","template":"","meta":{"_et_pb_use_builder":"on","_et_pb_old_content":"","_et_gb_content_width":"","inline_featured_image":false,"footnotes":""},"class_list":["post-11142","page","type-page","status-publish","hentry"],"yoast_head":"<!-- This site is optimized with the Yoast SEO plugin v27.4 - https:\/\/yoast.com\/product\/yoast-seo-wordpress\/ -->\n<title>Danke - www.friedmann-print.de<\/title>\n<meta name=\"robots\" content=\"index, follow, max-snippet:-1, max-image-preview:large, max-video-preview:-1\" \/>\n<link rel=\"canonical\" href=\"https:\/\/friedmann-print.de\/de\/danke\" \/>\n<meta property=\"og:locale\" content=\"de_DE\" \/>\n<meta property=\"og:type\" content=\"article\" \/>\n<meta property=\"og:title\" content=\"Danke - www.friedmann-print.de\" \/>\n<meta property=\"og:description\" content=\"Danke f\u00fcr Ihr VertrauenVielen Dank f\u00fcr Ihr Vertrauen in unsere Produkte und unser Unternehmen. Ihre Zufriedenheit liegt uns besonders am Herzen, und wir arbeiten kontinuierlich daran, unsere Leistungen zu verbessern, um Ihnen stets die Beste Erfahrung mit uns zu bieten. Um unseren Service weiter zu optimieren, sind wir auf Ihre Meinung angewiesen. Ihre Bewertung gibt [&hellip;]\" \/>\n<meta property=\"og:url\" content=\"https:\/\/friedmann-print.de\/de\/danke\" \/>\n<meta property=\"og:site_name\" content=\"www.friedmann-print.de\" \/>\n<meta property=\"article:modified_time\" content=\"2026-02-02T09:40:04+00:00\" \/>\n<meta property=\"og:image\" content=\"https:\/\/friedmann-print.de\/wp-content\/uploads\/2019\/08\/FPDS-logo-max.png\" \/>\n<meta name=\"twitter:card\" content=\"summary_large_image\" \/>\n<meta name=\"twitter:label1\" content=\"Gesch\u00e4tzte Lesezeit\" \/>\n\t<meta name=\"twitter:data1\" content=\"4\u00a0Minuten\" \/>\n<script type=\"application\/ld+json\" class=\"yoast-schema-graph\">{\"@context\":\"https:\\\/\\\/schema.org\",\"@graph\":[{\"@type\":\"WebPage\",\"@id\":\"https:\\\/\\\/friedmann-print.de\\\/de\\\/danke\",\"url\":\"https:\\\/\\\/friedmann-print.de\\\/de\\\/danke\",\"name\":\"Danke - www.friedmann-print.de\",\"isPartOf\":{\"@id\":\"https:\\\/\\\/friedmann-print.de\\\/en\\\/#website\"},\"primaryImageOfPage\":{\"@id\":\"https:\\\/\\\/friedmann-print.de\\\/de\\\/danke#primaryimage\"},\"image\":{\"@id\":\"https:\\\/\\\/friedmann-print.de\\\/de\\\/danke#primaryimage\"},\"thumbnailUrl\":\"https:\\\/\\\/friedmann-print.de\\\/wp-content\\\/uploads\\\/2019\\\/08\\\/FPDS-logo-max.png\",\"datePublished\":\"2024-08-14T15:36:00+00:00\",\"dateModified\":\"2026-02-02T09:40:04+00:00\",\"breadcrumb\":{\"@id\":\"https:\\\/\\\/friedmann-print.de\\\/de\\\/danke#breadcrumb\"},\"inLanguage\":\"de\",\"potentialAction\":[{\"@type\":\"ReadAction\",\"target\":[\"https:\\\/\\\/friedmann-print.de\\\/de\\\/danke\"]}]},{\"@type\":\"ImageObject\",\"inLanguage\":\"de\",\"@id\":\"https:\\\/\\\/friedmann-print.de\\\/de\\\/danke#primaryimage\",\"url\":\"https:\\\/\\\/friedmann-print.de\\\/wp-content\\\/uploads\\\/2019\\\/08\\\/FPDS-logo-max.png\",\"contentUrl\":\"https:\\\/\\\/friedmann-print.de\\\/wp-content\\\/uploads\\\/2019\\\/08\\\/FPDS-logo-max.png\"},{\"@type\":\"BreadcrumbList\",\"@id\":\"https:\\\/\\\/friedmann-print.de\\\/de\\\/danke#breadcrumb\",\"itemListElement\":[{\"@type\":\"ListItem\",\"position\":1,\"name\":\"Home\",\"item\":\"https:\\\/\\\/friedmann-print.de\\\/de\"},{\"@type\":\"ListItem\",\"position\":2,\"name\":\"Danke\"}]},{\"@type\":\"WebSite\",\"@id\":\"https:\\\/\\\/friedmann-print.de\\\/en\\\/#website\",\"url\":\"https:\\\/\\\/friedmann-print.de\\\/en\\\/\",\"name\":\"www.friedmann-print.de\",\"description\":\"Friedmann Print Data Solutions GmbH\",\"potentialAction\":[{\"@type\":\"SearchAction\",\"target\":{\"@type\":\"EntryPoint\",\"urlTemplate\":\"https:\\\/\\\/friedmann-print.de\\\/en\\\/?s={search_term_string}\"},\"query-input\":{\"@type\":\"PropertyValueSpecification\",\"valueRequired\":true,\"valueName\":\"search_term_string\"}}],\"inLanguage\":\"de\"}]}<\/script>\n<!-- \/ Yoast SEO plugin. -->","yoast_head_json":{"title":"Danke - www.friedmann-print.de","robots":{"index":"index","follow":"follow","max-snippet":"max-snippet:-1","max-image-preview":"max-image-preview:large","max-video-preview":"max-video-preview:-1"},"canonical":"https:\/\/friedmann-print.de\/de\/danke","og_locale":"de_DE","og_type":"article","og_title":"Danke - www.friedmann-print.de","og_description":"Danke f\u00fcr Ihr VertrauenVielen Dank f\u00fcr Ihr Vertrauen in unsere Produkte und unser Unternehmen. Ihre Zufriedenheit liegt uns besonders am Herzen, und wir arbeiten kontinuierlich daran, unsere Leistungen zu verbessern, um Ihnen stets die Beste Erfahrung mit uns zu bieten. Um unseren Service weiter zu optimieren, sind wir auf Ihre Meinung angewiesen. Ihre Bewertung gibt [&hellip;]","og_url":"https:\/\/friedmann-print.de\/de\/danke","og_site_name":"www.friedmann-print.de","article_modified_time":"2026-02-02T09:40:04+00:00","og_image":[{"url":"https:\/\/friedmann-print.de\/wp-content\/uploads\/2019\/08\/FPDS-logo-max.png","type":"","width":"","height":""}],"twitter_card":"summary_large_image","twitter_misc":{"Gesch\u00e4tzte Lesezeit":"4\u00a0Minuten"},"schema":{"@context":"https:\/\/schema.org","@graph":[{"@type":"WebPage","@id":"https:\/\/friedmann-print.de\/de\/danke","url":"https:\/\/friedmann-print.de\/de\/danke","name":"Danke - www.friedmann-print.de","isPartOf":{"@id":"https:\/\/friedmann-print.de\/en\/#website"},"primaryImageOfPage":{"@id":"https:\/\/friedmann-print.de\/de\/danke#primaryimage"},"image":{"@id":"https:\/\/friedmann-print.de\/de\/danke#primaryimage"},"thumbnailUrl":"https:\/\/friedmann-print.de\/wp-content\/uploads\/2019\/08\/FPDS-logo-max.png","datePublished":"2024-08-14T15:36:00+00:00","dateModified":"2026-02-02T09:40:04+00:00","breadcrumb":{"@id":"https:\/\/friedmann-print.de\/de\/danke#breadcrumb"},"inLanguage":"de","potentialAction":[{"@type":"ReadAction","target":["https:\/\/friedmann-print.de\/de\/danke"]}]},{"@type":"ImageObject","inLanguage":"de","@id":"https:\/\/friedmann-print.de\/de\/danke#primaryimage","url":"https:\/\/friedmann-print.de\/wp-content\/uploads\/2019\/08\/FPDS-logo-max.png","contentUrl":"https:\/\/friedmann-print.de\/wp-content\/uploads\/2019\/08\/FPDS-logo-max.png"},{"@type":"BreadcrumbList","@id":"https:\/\/friedmann-print.de\/de\/danke#breadcrumb","itemListElement":[{"@type":"ListItem","position":1,"name":"Home","item":"https:\/\/friedmann-print.de\/de"},{"@type":"ListItem","position":2,"name":"Danke"}]},{"@type":"WebSite","@id":"https:\/\/friedmann-print.de\/en\/#website","url":"https:\/\/friedmann-print.de\/en\/","name":"www.friedmann-print.de","description":"Friedmann Print Data Solutions GmbH","potentialAction":[{"@type":"SearchAction","target":{"@type":"EntryPoint","urlTemplate":"https:\/\/friedmann-print.de\/en\/?s={search_term_string}"},"query-input":{"@type":"PropertyValueSpecification","valueRequired":true,"valueName":"search_term_string"}}],"inLanguage":"de"}]}},"_links":{"self":[{"href":"https:\/\/friedmann-print.de\/de\/wp-json\/wp\/v2\/pages\/11142","targetHints":{"allow":["GET"]}}],"collection":[{"href":"https:\/\/friedmann-print.de\/de\/wp-json\/wp\/v2\/pages"}],"about":[{"href":"https:\/\/friedmann-print.de\/de\/wp-json\/wp\/v2\/types\/page"}],"author":[{"embeddable":true,"href":"https:\/\/friedmann-print.de\/de\/wp-json\/wp\/v2\/users\/1"}],"replies":[{"embeddable":true,"href":"https:\/\/friedmann-print.de\/de\/wp-json\/wp\/v2\/comments?post=11142"}],"version-history":[{"count":8,"href":"https:\/\/friedmann-print.de\/de\/wp-json\/wp\/v2\/pages\/11142\/revisions"}],"predecessor-version":[{"id":11916,"href":"https:\/\/friedmann-print.de\/de\/wp-json\/wp\/v2\/pages\/11142\/revisions\/11916"}],"wp:attachment":[{"href":"https:\/\/friedmann-print.de\/de\/wp-json\/wp\/v2\/media?parent=11142"}],"curies":[{"name":"wp","href":"https:\/\/api.w.org\/{rel}","templated":true}]}}