{"id":3055,"date":"2019-10-30T15:25:22","date_gmt":"2019-10-30T15:25:22","guid":{"rendered":"https:\/\/friedmann-print.de\/?page_id=3055"},"modified":"2025-07-21T11:46:09","modified_gmt":"2025-07-21T11:46:09","slug":"impressum","status":"publish","type":"page","link":"https:\/\/friedmann-print.de\/de\/impressum","title":{"rendered":"Impressum"},"content":{"rendered":"<p>[et_pb_section fb_built=&#8220;1&#8243; fullwidth=&#8220;on&#8220; module_class=&#8220;top-header&#8220; _builder_version=&#8220;4.16&#8243; global_colors_info=&#8220;{}&#8220;][et_pb_fullwidth_code disabled_on=&#8220;off|off|off&#8220; _builder_version=&#8220;4.16&#8243; background_color=&#8220;#ffffff&#8220; global_colors_info=&#8220;{}&#8220;]  <\/p>\n<div  class=\"pvo-hero-container\"><!-- [et_pb_line_break_holder] -->  <\/p>\n<div class=\"pvo-hero-left pvo-flex\"<!-- [et_pb_line_break_holder] -->       style=&#8220;background-image: url(&#8218;https:\/\/friedmann-print.de\/wp-content\/uploads\/2021\/01\/Impressum_bg.jpeg&#8216;)&#8220;><!-- [et_pb_line_break_holder] -->    <!-- [et_pb_line_break_holder] -->    <img decoding=\"async\"  src=\"https:\/\/friedmann-print.de\/wp-content\/uploads\/2019\/08\/FPDS-logo-max.png\"><!-- [et_pb_line_break_holder] -->  <\/div>\n<p><!-- [et_pb_line_break_holder] -->  <\/p>\n<div class=\"pvo-hero-right\"><!-- [et_pb_line_break_holder] -->    <\/p>\n<div clas=\"aside-container\"><!-- [et_pb_line_break_holder] -->      <\/p>\n<ul class=\"lang-ul\"><!-- [et_pb_line_break_holder] -->        <\/p>\n<li><span class=\"divider\"><\/span><\/li>\n<p><!-- [et_pb_line_break_holder] -->      <\/p>\n<li><a class=\"vertical-rl anchor-active\" href=\"#\" ><!-- [et_pb_line_break_holder] -->        Deutsch<!-- [et_pb_line_break_holder] -->      <\/a><\/li>\n<p><!-- [et_pb_line_break_holder] -->      <\/p>\n<li><a class=\"vertical-rl\" href=\"https:\/\/friedmann-print.de\/en\/impressum\"><!-- [et_pb_line_break_holder] -->        Englisch<!-- [et_pb_line_break_holder] -->        <\/a><\/li>\n<p><!-- [et_pb_line_break_holder] -->        <\/ul>\n<p>  <!-- [et_pb_line_break_holder] -->  <\/div>\n<p><!-- [et_pb_line_break_holder] --><\/div>\n<p><!-- [et_pb_line_break_holder] -->  <!-- [et_pb_line_break_holder] -->  <!-- [et_pb_line_break_holder] --><!-- [et_pb_line_break_holder] --><!-- [et_pb_line_break_holder] -->  <!-- [et_pb_line_break_holder] --><!-- [et_pb_line_break_holder] --><!-- [et_pb_line_break_holder] -->      <!-- [et_pb_line_break_holder] -->    <!-- [et_pb_line_break_holder] --><!-- [et_pb_line_break_holder] -->  <!-- [et_pb_line_break_holder] --><!-- [et_pb_line_break_holder] --><!-- [et_pb_line_break_holder] -->      <!-- [et_pb_line_break_holder] -->    [\/et_pb_fullwidth_code][\/et_pb_section][et_pb_section fb_built=&#8220;1&#8243; _builder_version=&#8220;4.16&#8243; custom_padding=&#8220;0px||150px|||&#8220; global_colors_info=&#8220;{}&#8220;][et_pb_row _builder_version=&#8220;4.16&#8243; custom_padding=&#8220;4px|||||&#8220; global_colors_info=&#8220;{}&#8220;][et_pb_column type=&#8220;4_4&#8243; _builder_version=&#8220;4.16&#8243; global_colors_info=&#8220;{}&#8220;][\/et_pb_column][\/et_pb_row][et_pb_row use_custom_gutter=&#8220;on&#8220; module_class=&#8220;container-rel&#8220; _builder_version=&#8220;4.16&#8243; custom_padding=&#8220;55px||35px|0px|false|false&#8220; global_colors_info=&#8220;{}&#8220;][et_pb_column type=&#8220;4_4&#8243; _builder_version=&#8220;4.16&#8243; global_colors_info=&#8220;{}&#8220;][et_pb_text disabled_on=&#8220;on|on|off&#8220; _builder_version=&#8220;4.16&#8243; header_line_height=&#8220;0em&#8220; width=&#8220;100%&#8220; custom_margin=&#8220;||-3px|||&#8220; custom_padding=&#8220;|||3px|false|false&#8220; global_colors_info=&#8220;{}&#8220;]<\/p>\n<p class=\"subheadline\">Impressum<\/p>\n<div class=\"red-underline\"><\/div>\n<h3>F\u00fcr den Inhalt dieser Internetseite ist verantwortlich:<\/h3>\n<p>[\/et_pb_text][\/et_pb_column][\/et_pb_row][et_pb_row column_structure=&#8220;1_3,2_3&#8243; disabled_on=&#8220;on|on|off&#8220; _builder_version=&#8220;4.16&#8243; global_colors_info=&#8220;{}&#8220;][et_pb_column type=&#8220;1_3&#8243; _builder_version=&#8220;4.16&#8243; global_colors_info=&#8220;{}&#8220;][\/et_pb_column][et_pb_column type=&#8220;2_3&#8243; _builder_version=&#8220;4.16&#8243; global_colors_info=&#8220;{}&#8220;][et_pb_text disabled_on=&#8220;off|off|off&#8220; _builder_version=&#8220;4.16&#8243; custom_margin=&#8220;-2px|||||&#8220; global_colors_info=&#8220;{}&#8220;]<\/p>\n<p class=\"copy\" style=\"font-size: 24px !important;\"><strong>Friedmann Print Data Solutions GmbH<\/strong><br \/>Hauptstra\u00dfe 105<br \/>89343 Jettingen-Scheppach<br \/>E-Mail: info@friedmann-print.com<br \/>Hotline: +49 (0) 70 72 \/ 89 0 98-50<\/p>\n<p class=\"copy\">Produktion<br \/>Friedmann Print Data Solutions GmbH<br \/>Wilhelm-R\u00f6ntgen-Stra\u00dfe 2<br \/>72810 Gomaringen<\/p>\n<p class=\"copy\" style=\"font-size: 24px !important;\">Gesch\u00e4ftsf\u00fchrer: Fabian Walz, Lars Hansen<\/p>\n<p class=\"copy\" style=\"font-size: 24px !important;\">USt-IdNr: DE283510319<br \/>Registergericht: Memmingen<br \/>Registernummer: HRB 17335<br \/>Verantwortlicher f\u00fcr eigene Inhalte der Friedmann Print Data Solutions GmbH gem. \u00a7 55 RStV: Lars Hansen<\/p>\n<p class=\"copy\" style=\"font-size: 24px !important;\"><strong>Rechtliche Hinweise<\/strong><br \/>Link zur Plattform der Europ\u00e4ischen Kommission gem\u00e4\u00df der Verordnung \u00fcber Online-Streitbeilegung in Verbraucherangelegenheiten.<br \/>Zur Teilnahme an einem Streitbeilegungsverfahren vor einer Verbraucherschlichtungsstelle sind wir nicht verpflichtet und nicht bereit.<\/p>\n<p class=\"copy\">Bildnachweis<\/p>\n<ul class=\"pvo_bildnachweis\">\n<li>Akzidenz \/ Hardcover: <a href=\"https:\/\/www.katharinamay.de\/\" rel=\"nofollow noopener\" target=\"_blank\">www.katharinamey.com<\/a><\/li>\n<li>Akzidenz \/ Klebebindung: <a href=\"http:\/\/www.i-dbuero.de\" rel=\"nofollow noopener\" target=\"_blank\">www.i-dbuero.de<\/a><\/li>\n<li>Akzidenz \/ Wire-O: <a href=\"https:\/\/www.giselaluz.com\/\" rel=\"nofollow noopener\" target=\"_blank\">www.giselaluz.com<\/a><\/li>\n<li>Spielkarten: <a href=\"https:\/\/www.markenladen.com\/\" rel=\"nofollow noopener\" target=\"_blank\">www.markenladen.com<\/a><\/li>\n<\/ul>\n<p>[\/et_pb_text][\/et_pb_column][\/et_pb_row][et_pb_row disabled_on=&#8220;off|off|on&#8220; _builder_version=&#8220;4.16&#8243; global_colors_info=&#8220;{}&#8220;][et_pb_column type=&#8220;4_4&#8243; _builder_version=&#8220;4.16&#8243; global_colors_info=&#8220;{}&#8220;][et_pb_code _builder_version=&#8220;4.16&#8243; custom_css_main_element=&#8220;margin-top: 100px !important;&#8220; global_colors_info=&#8220;{}&#8220;]<pee class=\"subheadline\">Impressum<\/pee><!-- [et_pb_line_break_holder] --><!-- [et_pb_line_break_holder] --><\/p>\n<div class=\"red-underline\"><\/div>\n<p><!-- [et_pb_line_break_holder] --><\/p>\n<h3 style=\"font-size: 30px !important\">F\u00fcr den Inhalt dieser Internetseite ist <!\u2013- [et_pb_br_holder] -\u2013>verantwortlich:<\/h3>\n<p>[\/et_pb_code][et_pb_text disabled_on=&#8220;off|off|off&#8220; _builder_version=&#8220;4.16&#8243; custom_margin=&#8220;-2px|||||&#8220; custom_padding=&#8220;5px|||||&#8220; global_colors_info=&#8220;{}&#8220;]<\/p>\n<p class=\"copy\"><strong>Friedmann Print Data Solutions GmbH<\/strong><br \/>Hauptstra\u00dfe 105<br \/>89343 Jettingen-Scheppach<br \/>E-Mail: info@friedmann-print.com<br \/>Hotline: +49 (0) 70 72 \/ 89 0 98-50<\/p>\n<p class=\"copy\">Produktion<br \/>Friedmann Print Data Solutions GmbH<br \/>Wilhelm-R\u00f6ntgen-Stra\u00dfe 2<br \/>72810 Gomaringen<\/p>\n<p class=\"copy\">Gesch\u00e4ftsf\u00fchrer: Fabian Walz, Lars Hansen<\/p>\n<p style=\"padding-top: 0px !important;\" class=\"copy\">USt-IdNr: DE283510319<br \/>Registergericht: Memmingen<br \/>Registernummer: HRB 17335<br \/>Verantwortlicher f\u00fcr eigene Inhalte der Friedmann Print Data Solutions GmbH gem. \u00a7 55 RStV: Philipp Friedmann<\/p>\n<p class=\"copy\"><strong>Rechtliche Hinweise<\/strong><br \/>Link zur Plattform der Europ\u00e4ischen Kommission gem\u00e4\u00df der Verordnung \u00fcber Online-Streitbeilegung in Verbraucherangelegenheiten.<br \/>Zur Teilnahme an einem Streitbeilegungsverfahren vor einer Verbraucherschlichtungsstelle sind wir nicht verpflichtet und nicht bereit.<\/p>\n<p class=\"copy\">Bildnachweis<\/p>\n<ul class=\"pvo_bildnachweis\">\n<li>Akzidenz \/ Hardcover: <a href=\"https:\/\/www.katharinamay.de\/\" rel=\"nofollow noopener\" target=\"_blank\">www.katharinamey.com<\/a><\/li>\n<li>Akzidenz \/ Klebebindung: <a href=\"http:\/\/www.i-dbuero.de\" rel=\"nofollow noopener\" target=\"_blank\">www.i-dbuero.de<\/a><\/li>\n<li>Akzidenz \/ Wire-O: <a href=\"https:\/\/www.giselaluz.com\/\" rel=\"nofollow noopener\" target=\"_blank\">www.giselaluz.com<\/a><\/li>\n<li>Spielkarten: <a href=\"https:\/\/www.markenladen.com\/\" rel=\"nofollow noopener\" target=\"_blank\">www.markenladen.com<\/a><\/li>\n<\/ul>\n<p>[\/et_pb_text][\/et_pb_column][\/et_pb_row][et_pb_row _builder_version=&#8220;4.16&#8243; global_colors_info=&#8220;{}&#8220;][et_pb_column type=&#8220;4_4&#8243; _builder_version=&#8220;4.16&#8243; global_colors_info=&#8220;{}&#8220;][\/et_pb_column][\/et_pb_row][\/et_pb_section][et_pb_section fb_built=&#8220;1&#8243; fullwidth=&#8220;on&#8220; disabled_on=&#8220;off|on|on&#8220; _builder_version=&#8220;4.4.8&#8243; global_module=&#8220;5936&#8243; saved_tabs=&#8220;all&#8220; global_colors_info=&#8220;{}&#8220;][et_pb_fullwidth_code _builder_version=&#8220;4.16&#8243; global_colors_info=&#8220;{}&#8220;]<\/p>\n<div class=\"pvo-footer-container-mobile\"><!-- [et_pb_line_break_holder] --> \t\t\t<\/p>\n<div class=\"footer-left\"><!-- [et_pb_line_break_holder] -->    \t\t\t<\/p>\n<ul><!-- [et_pb_line_break_holder] -->     \t\t\t\t<\/p>\n<li class=\"pvo-logo-container\"><img decoding=\"async\" src=\"https:\/\/friedmann-photos.com\/wp-content\/uploads\/2019\/08\/FPDS-logo-white.png\" style=\"height: 40px; width: auto;\"><\/li>\n<p><!-- [et_pb_line_break_holder] -->   \t\t\t\t<\/ul>\n<p><!-- [et_pb_line_break_holder] -->  \t\t\t<\/div>\n<p><!-- [et_pb_line_break_holder] -->  \t\t\t<\/p>\n<div class=\"footer-right\"><!-- [et_pb_line_break_holder] -->  \t\t\t\t <svg xmlns=\"http:\/\/www.w3.org\/2000\/svg\" width=\"105\" height=\"60\" viewBox=\"0 0 105 60\"><!-- [et_pb_line_break_holder] -->  <g id=\"Gruppe_2\" data-name=\"Gruppe 2\" transform=\"translate(-575 -267)\"><!-- [et_pb_line_break_holder] -->    <text id=\"_passion.\" data-name=\"<!-- [et_pb_line_break_holder] --><!-- [et_pb_line_break_holder] -->   passion.&#8220; transform=&#8220;translate(680 287)&#8220; fill=&#8220;#fff&#8220; font-size=&#8220;20&#8243; font-family=&#8220;HelveticaNeue-Bold, Helvetica Neue&#8220; font-weight=&#8220;700&#8243;><tspan x=\"0\" y=\"0\"><\/tspan><tspan x=\"0\" y=\"18\"><\/tspan><tspan x=\"-96.66\" y=\"36\" xml:space=\"preserve\">   passion.<\/tspan><\/text><!-- [et_pb_line_break_holder] -->    <text id=\"Innovation_is_our_\" data-name=\"Innovation<!-- [et_pb_line_break_holder] -->is our<!-- [et_pb_line_break_holder] -->    &#8220; transform=&#8220;translate(575 287)&#8220; fill=&#8220;#fff&#8220; font-size=&#8220;20&#8243; font-family=&#8220;HelveticaNeue-Bold, Helvetica Neue&#8220; font-weight=&#8220;700&#8243;><tspan x=\"0\" y=\"0\">Innovation<\/tspan><tspan x=\"0\" y=\"18\">is our<\/tspan><tspan x=\"0\" y=\"36\" xml:space=\"preserve\">    <\/tspan><\/text><!-- [et_pb_line_break_holder] -->  <\/g><!-- [et_pb_line_break_holder] --><\/svg><!-- [et_pb_line_break_holder] -->  \t\t\t<\/div>\n<p><!-- [et_pb_line_break_holder] -->\t\t<\/div>\n<p><!-- [et_pb_line_break_holder] --><\/p>\n<div class=\"footer-mobil-legal\"><!-- [et_pb_line_break_holder] -->    <a href=\"https:\/\/friedmann-print.de\/impressum\">Impressum<\/a><!-- [et_pb_line_break_holder] -->    <a href=\"https:\/\/friedmann-print.de\/datenschutzerklaerung\">Datenschutzerkl\u00e4rung<\/a><!-- [et_pb_line_break_holder] -->    <a href=\"https:\/\/friedmann-print.de\/agb\">AGB<\/a><!-- [et_pb_line_break_holder] -->  <!-- [et_pb_line_break_holder] -->  <\/div>\n<p>[\/et_pb_fullwidth_code][\/et_pb_section]<\/p>\n","protected":false},"excerpt":{"rendered":"<p>Impressum F\u00fcr den Inhalt dieser Internetseite ist verantwortlich:Friedmann Print Data Solutions GmbHHauptstra\u00dfe 10589343 Jettingen-ScheppachE-Mail: info@friedmann-print.comHotline: +49 (0) 70 72 \/ 89 0 98-50 ProduktionFriedmann Print Data Solutions GmbHWilhelm-R\u00f6ntgen-Stra\u00dfe 272810 Gomaringen Gesch\u00e4ftsf\u00fchrer: Fabian Walz, Lars Hansen USt-IdNr: DE283510319Registergericht: MemmingenRegisternummer: HRB 17335Verantwortlicher f\u00fcr eigene Inhalte der Friedmann Print Data Solutions GmbH gem. \u00a7 55 RStV: Lars Hansen [&hellip;]<\/p>\n","protected":false},"author":3,"featured_media":0,"parent":0,"menu_order":0,"comment_status":"closed","ping_status":"closed","template":"","meta":{"_et_pb_use_builder":"on","_et_pb_old_content":"","_et_gb_content_width":"","inline_featured_image":false,"footnotes":""},"class_list":["post-3055","page","type-page","status-publish","hentry"],"yoast_head":"<!-- This site is optimized with the Yoast SEO plugin v27.4 - https:\/\/yoast.com\/product\/yoast-seo-wordpress\/ -->\n<title>Impressum - www.friedmann-print.de<\/title>\n<meta name=\"robots\" content=\"index, follow, max-snippet:-1, max-image-preview:large, max-video-preview:-1\" \/>\n<link rel=\"canonical\" href=\"https:\/\/friedmann-print.de\/de\/impressum\" \/>\n<meta property=\"og:locale\" content=\"de_DE\" \/>\n<meta property=\"og:type\" content=\"article\" \/>\n<meta property=\"og:title\" content=\"Impressum - www.friedmann-print.de\" \/>\n<meta property=\"og:description\" content=\"Impressum F\u00fcr den Inhalt dieser Internetseite ist verantwortlich:Friedmann Print Data Solutions GmbHHauptstra\u00dfe 10589343 Jettingen-ScheppachE-Mail: info@friedmann-print.comHotline: +49 (0) 70 72 \/ 89 0 98-50 ProduktionFriedmann Print Data Solutions GmbHWilhelm-R\u00f6ntgen-Stra\u00dfe 272810 Gomaringen Gesch\u00e4ftsf\u00fchrer: Fabian Walz, Lars Hansen USt-IdNr: DE283510319Registergericht: MemmingenRegisternummer: HRB 17335Verantwortlicher f\u00fcr eigene Inhalte der Friedmann Print Data Solutions GmbH gem. \u00a7 55 RStV: Lars Hansen [&hellip;]\" \/>\n<meta property=\"og:url\" content=\"https:\/\/friedmann-print.de\/de\/impressum\" \/>\n<meta property=\"og:site_name\" content=\"www.friedmann-print.de\" \/>\n<meta property=\"article:modified_time\" content=\"2025-07-21T11:46:09+00:00\" \/>\n<meta property=\"og:image\" content=\"https:\/\/friedmann-print.de\/wp-content\/uploads\/2019\/08\/FPDS-logo-max.png\" \/>\n<meta name=\"twitter:card\" content=\"summary_large_image\" \/>\n<meta name=\"twitter:label1\" content=\"Gesch\u00e4tzte Lesezeit\" \/>\n\t<meta name=\"twitter:data1\" content=\"2\u00a0Minuten\" \/>\n<script type=\"application\/ld+json\" class=\"yoast-schema-graph\">{\"@context\":\"https:\\\/\\\/schema.org\",\"@graph\":[{\"@type\":\"WebPage\",\"@id\":\"https:\\\/\\\/friedmann-print.de\\\/de\\\/impressum\",\"url\":\"https:\\\/\\\/friedmann-print.de\\\/de\\\/impressum\",\"name\":\"Impressum - www.friedmann-print.de\",\"isPartOf\":{\"@id\":\"https:\\\/\\\/friedmann-print.de\\\/en\\\/#website\"},\"primaryImageOfPage\":{\"@id\":\"https:\\\/\\\/friedmann-print.de\\\/de\\\/impressum#primaryimage\"},\"image\":{\"@id\":\"https:\\\/\\\/friedmann-print.de\\\/de\\\/impressum#primaryimage\"},\"thumbnailUrl\":\"https:\\\/\\\/friedmann-print.de\\\/wp-content\\\/uploads\\\/2019\\\/08\\\/FPDS-logo-max.png\",\"datePublished\":\"2019-10-30T15:25:22+00:00\",\"dateModified\":\"2025-07-21T11:46:09+00:00\",\"breadcrumb\":{\"@id\":\"https:\\\/\\\/friedmann-print.de\\\/de\\\/impressum#breadcrumb\"},\"inLanguage\":\"de\",\"potentialAction\":[{\"@type\":\"ReadAction\",\"target\":[\"https:\\\/\\\/friedmann-print.de\\\/de\\\/impressum\"]}]},{\"@type\":\"ImageObject\",\"inLanguage\":\"de\",\"@id\":\"https:\\\/\\\/friedmann-print.de\\\/de\\\/impressum#primaryimage\",\"url\":\"https:\\\/\\\/friedmann-print.de\\\/wp-content\\\/uploads\\\/2019\\\/08\\\/FPDS-logo-max.png\",\"contentUrl\":\"https:\\\/\\\/friedmann-print.de\\\/wp-content\\\/uploads\\\/2019\\\/08\\\/FPDS-logo-max.png\"},{\"@type\":\"BreadcrumbList\",\"@id\":\"https:\\\/\\\/friedmann-print.de\\\/de\\\/impressum#breadcrumb\",\"itemListElement\":[{\"@type\":\"ListItem\",\"position\":1,\"name\":\"Home\",\"item\":\"https:\\\/\\\/friedmann-print.de\\\/de\"},{\"@type\":\"ListItem\",\"position\":2,\"name\":\"Impressum\"}]},{\"@type\":\"WebSite\",\"@id\":\"https:\\\/\\\/friedmann-print.de\\\/en\\\/#website\",\"url\":\"https:\\\/\\\/friedmann-print.de\\\/en\\\/\",\"name\":\"www.friedmann-print.de\",\"description\":\"Friedmann Print Data Solutions GmbH\",\"potentialAction\":[{\"@type\":\"SearchAction\",\"target\":{\"@type\":\"EntryPoint\",\"urlTemplate\":\"https:\\\/\\\/friedmann-print.de\\\/en\\\/?s={search_term_string}\"},\"query-input\":{\"@type\":\"PropertyValueSpecification\",\"valueRequired\":true,\"valueName\":\"search_term_string\"}}],\"inLanguage\":\"de\"}]}<\/script>\n<!-- \/ Yoast SEO plugin. -->","yoast_head_json":{"title":"Impressum - www.friedmann-print.de","robots":{"index":"index","follow":"follow","max-snippet":"max-snippet:-1","max-image-preview":"max-image-preview:large","max-video-preview":"max-video-preview:-1"},"canonical":"https:\/\/friedmann-print.de\/de\/impressum","og_locale":"de_DE","og_type":"article","og_title":"Impressum - www.friedmann-print.de","og_description":"Impressum F\u00fcr den Inhalt dieser Internetseite ist verantwortlich:Friedmann Print Data Solutions GmbHHauptstra\u00dfe 10589343 Jettingen-ScheppachE-Mail: info@friedmann-print.comHotline: +49 (0) 70 72 \/ 89 0 98-50 ProduktionFriedmann Print Data Solutions GmbHWilhelm-R\u00f6ntgen-Stra\u00dfe 272810 Gomaringen Gesch\u00e4ftsf\u00fchrer: Fabian Walz, Lars Hansen USt-IdNr: DE283510319Registergericht: MemmingenRegisternummer: HRB 17335Verantwortlicher f\u00fcr eigene Inhalte der Friedmann Print Data Solutions GmbH gem. \u00a7 55 RStV: Lars Hansen [&hellip;]","og_url":"https:\/\/friedmann-print.de\/de\/impressum","og_site_name":"www.friedmann-print.de","article_modified_time":"2025-07-21T11:46:09+00:00","og_image":[{"url":"https:\/\/friedmann-print.de\/wp-content\/uploads\/2019\/08\/FPDS-logo-max.png","type":"","width":"","height":""}],"twitter_card":"summary_large_image","twitter_misc":{"Gesch\u00e4tzte Lesezeit":"2\u00a0Minuten"},"schema":{"@context":"https:\/\/schema.org","@graph":[{"@type":"WebPage","@id":"https:\/\/friedmann-print.de\/de\/impressum","url":"https:\/\/friedmann-print.de\/de\/impressum","name":"Impressum - www.friedmann-print.de","isPartOf":{"@id":"https:\/\/friedmann-print.de\/en\/#website"},"primaryImageOfPage":{"@id":"https:\/\/friedmann-print.de\/de\/impressum#primaryimage"},"image":{"@id":"https:\/\/friedmann-print.de\/de\/impressum#primaryimage"},"thumbnailUrl":"https:\/\/friedmann-print.de\/wp-content\/uploads\/2019\/08\/FPDS-logo-max.png","datePublished":"2019-10-30T15:25:22+00:00","dateModified":"2025-07-21T11:46:09+00:00","breadcrumb":{"@id":"https:\/\/friedmann-print.de\/de\/impressum#breadcrumb"},"inLanguage":"de","potentialAction":[{"@type":"ReadAction","target":["https:\/\/friedmann-print.de\/de\/impressum"]}]},{"@type":"ImageObject","inLanguage":"de","@id":"https:\/\/friedmann-print.de\/de\/impressum#primaryimage","url":"https:\/\/friedmann-print.de\/wp-content\/uploads\/2019\/08\/FPDS-logo-max.png","contentUrl":"https:\/\/friedmann-print.de\/wp-content\/uploads\/2019\/08\/FPDS-logo-max.png"},{"@type":"BreadcrumbList","@id":"https:\/\/friedmann-print.de\/de\/impressum#breadcrumb","itemListElement":[{"@type":"ListItem","position":1,"name":"Home","item":"https:\/\/friedmann-print.de\/de"},{"@type":"ListItem","position":2,"name":"Impressum"}]},{"@type":"WebSite","@id":"https:\/\/friedmann-print.de\/en\/#website","url":"https:\/\/friedmann-print.de\/en\/","name":"www.friedmann-print.de","description":"Friedmann Print Data Solutions GmbH","potentialAction":[{"@type":"SearchAction","target":{"@type":"EntryPoint","urlTemplate":"https:\/\/friedmann-print.de\/en\/?s={search_term_string}"},"query-input":{"@type":"PropertyValueSpecification","valueRequired":true,"valueName":"search_term_string"}}],"inLanguage":"de"}]}},"_links":{"self":[{"href":"https:\/\/friedmann-print.de\/de\/wp-json\/wp\/v2\/pages\/3055","targetHints":{"allow":["GET"]}}],"collection":[{"href":"https:\/\/friedmann-print.de\/de\/wp-json\/wp\/v2\/pages"}],"about":[{"href":"https:\/\/friedmann-print.de\/de\/wp-json\/wp\/v2\/types\/page"}],"author":[{"embeddable":true,"href":"https:\/\/friedmann-print.de\/de\/wp-json\/wp\/v2\/users\/3"}],"replies":[{"embeddable":true,"href":"https:\/\/friedmann-print.de\/de\/wp-json\/wp\/v2\/comments?post=3055"}],"version-history":[{"count":6,"href":"https:\/\/friedmann-print.de\/de\/wp-json\/wp\/v2\/pages\/3055\/revisions"}],"predecessor-version":[{"id":11792,"href":"https:\/\/friedmann-print.de\/de\/wp-json\/wp\/v2\/pages\/3055\/revisions\/11792"}],"wp:attachment":[{"href":"https:\/\/friedmann-print.de\/de\/wp-json\/wp\/v2\/media?parent=3055"}],"curies":[{"name":"wp","href":"https:\/\/api.w.org\/{rel}","templated":true}]}}