{"id":10495,"date":"2023-04-19T15:06:16","date_gmt":"2023-04-19T15:06:16","guid":{"rendered":"https:\/\/friedmann-print.de\/404-2"},"modified":"2023-04-19T15:06:16","modified_gmt":"2023-04-19T15:06:16","slug":"404-2","status":"publish","type":"page","link":"https:\/\/friedmann-print.de\/fr\/404-2","title":{"rendered":"404"},"content":{"rendered":"<p>[et_pb_section fb_built=\u00a0\u00bb1&Prime; _builder_version=\u00a0\u00bb4.0.4&Prime; custom_css_main_element=\u00a0\u00bbmargin: auto 0;||height: 100vh;||width: 100vw;||background-color: black;||display: flex;||flex-wrap: wrap;||position: fixed;||top: 0;||left: 0;||z-index: 9999;\u00a0\u00bb][et_pb_row column_structure=\u00a0\u00bb1_2,1_2&Prime; use_custom_gutter=\u00a0\u00bbon\u00a0\u00bb gutter_width=\u00a0\u00bb2&Prime; _builder_version=\u00a0\u00bb4.0.4&Prime; custom_css_main_element=\u00a0\u00bbdisplay: flex;||justify-content: center;||align-items: center;\u00a0\u00bb][et_pb_column type=\u00a0\u00bb1_2&Prime; _builder_version=\u00a0\u00bb4.0.4&Prime;][et_pb_code _builder_version=\u00a0\u00bb4.4.1&Prime;]<a id=\"404-anchor\" style=\"position: fixed; top: 0; left: 0; height: 100vh; width: 100vw; z-index: 99999;\" href=\"https:\/\/friedmann-print.de\"><\/a>[\/et_pb_code][et_pb_image src=\u00a0\u00bbhttps:\/\/friedmann-print.de\/wp-content\/uploads\/2019\/08\/FPDS-logo-max.png\u00a0\u00bb align=\u00a0\u00bbright\u00a0\u00bb _builder_version=\u00a0\u00bb4.0.4&Prime; max_height=\u00a0\u00bb400px\u00a0\u00bb custom_padding=\u00a0\u00bb|10%|||false|false\u00a0\u00bb][\/et_pb_image][\/et_pb_column][et_pb_column type=\u00a0\u00bb1_2&Prime; _builder_version=\u00a0\u00bb4.0.4&Prime;][et_pb_code _builder_version=\u00a0\u00bb4.0.7&Prime;]<span><\/p>\n<h1 style=\"font-size: 200px; font-weight:bold; color: white\">404<\/h1>\n<h4 style=\"color: white; font-size: 20px; line-height: 24px;\"><!-- [et_pb_line_break_holder] --> D\u00e9sol\u00e9, la page n&rsquo;a pas \u00e9t\u00e9 trouv\u00e9e.<!\u2013- [et_pb_br_holder] -\u2013><!-- [et_pb_line_break_holder] -->  <span class=\"animate404\">Cliquez n&rsquo;importe o\u00f9<\/span> pour revenir \u00e0 la page d&rsquo;accueil.<!-- [et_pb_line_break_holder] -->  <\/h4>\n<p><\/span>[\/et_pb_code][\/et_pb_column][\/et_pb_row][et_pb_row disabled_on=\u00a0\u00bboff|on|on\u00a0\u00bb _builder_version=\u00a0\u00bb4.0.4&Prime;][et_pb_column type=\u00a0\u00bb4_4&Prime; _builder_version=\u00a0\u00bb4.0.4&Prime;][et_pb_code _builder_version=\u00a0\u00bb4.4.1&Prime;]<a id=\"404-anchor\" style=\"position: fixed; top: 0; left: 0; height: 100vh; width: 100vw; z-index: 99999;\" href=\"https:\/\/friedmann-print.de\"><\/a>[\/et_pb_code][et_pb_image src=\u00a0\u00bbhttps:\/\/friedmann-print.de\/wp-content\/uploads\/2019\/08\/FPDS-logo-max.png\u00a0\u00bb align=\u00a0\u00bbcenter\u00a0\u00bb disabled_on=\u00a0\u00bboff|on|on\u00a0\u00bb _builder_version=\u00a0\u00bb4.0.4&Prime; max_height=\u00a0\u00bb200px\u00a0\u00bb][\/et_pb_image][et_pb_code _builder_version=\u00a0\u00bb4.0.7&Prime; text_orientation=\u00a0\u00bbcenter\u00a0\u00bb]<span><\/p>\n<h1 style=\"font-size: 120px; font-weight:bold; color: white\">404<\/h1>\n<h4 style=\"color: white; font-size: 20px; line-height: 24px;\"><!-- [et_pb_line_break_holder] -->    <span class=\"animate404\">Cliquez n&rsquo;importe o\u00f9<\/span> pour revenir \u00e0 la page d&rsquo;accueil.<!-- [et_pb_line_break_holder] -->  <\/h4>\n<p><\/span>[\/et_pb_code][\/et_pb_column][\/et_pb_row][\/et_pb_section]<\/p>\n","protected":false},"excerpt":{"rendered":"","protected":false},"author":3,"featured_media":0,"parent":0,"menu_order":0,"comment_status":"closed","ping_status":"closed","template":"","meta":{"_et_pb_use_builder":"on","_et_pb_old_content":"","_et_gb_content_width":"","inline_featured_image":false,"footnotes":""},"class_list":["post-10495","page","type-page","status-publish","hentry"],"yoast_head":"<!-- This site is optimized with the Yoast SEO plugin v27.4 - https:\/\/yoast.com\/product\/yoast-seo-wordpress\/ -->\n<title>404 - www.friedmann-print.de<\/title>\n<meta name=\"robots\" content=\"index, follow, max-snippet:-1, max-image-preview:large, max-video-preview:-1\" \/>\n<link rel=\"canonical\" href=\"https:\/\/friedmann-print.de\/fr\/404-2\" \/>\n<meta property=\"og:locale\" content=\"fr_FR\" \/>\n<meta property=\"og:type\" content=\"article\" \/>\n<meta property=\"og:title\" content=\"404 - www.friedmann-print.de\" \/>\n<meta property=\"og:url\" content=\"https:\/\/friedmann-print.de\/fr\/404-2\" \/>\n<meta property=\"og:site_name\" content=\"www.friedmann-print.de\" \/>\n<meta name=\"twitter:card\" content=\"summary_large_image\" \/>\n<meta name=\"twitter:label1\" content=\"Dur\u00e9e de lecture estim\u00e9e\" \/>\n\t<meta name=\"twitter:data1\" content=\"1 minute\" \/>\n<script type=\"application\/ld+json\" class=\"yoast-schema-graph\">{\"@context\":\"https:\\\/\\\/schema.org\",\"@graph\":[{\"@type\":\"WebPage\",\"@id\":\"https:\\\/\\\/friedmann-print.de\\\/fr\\\/404-2\",\"url\":\"https:\\\/\\\/friedmann-print.de\\\/fr\\\/404-2\",\"name\":\"404 - www.friedmann-print.de\",\"isPartOf\":{\"@id\":\"https:\\\/\\\/friedmann-print.de\\\/en\\\/#website\"},\"datePublished\":\"2023-04-19T15:06:16+00:00\",\"breadcrumb\":{\"@id\":\"https:\\\/\\\/friedmann-print.de\\\/fr\\\/404-2#breadcrumb\"},\"inLanguage\":\"fr-FR\",\"potentialAction\":[{\"@type\":\"ReadAction\",\"target\":[\"https:\\\/\\\/friedmann-print.de\\\/fr\\\/404-2\"]}]},{\"@type\":\"BreadcrumbList\",\"@id\":\"https:\\\/\\\/friedmann-print.de\\\/fr\\\/404-2#breadcrumb\",\"itemListElement\":[{\"@type\":\"ListItem\",\"position\":1,\"name\":\"Home\",\"item\":\"https:\\\/\\\/friedmann-print.de\\\/fr\"},{\"@type\":\"ListItem\",\"position\":2,\"name\":\"404\"}]},{\"@type\":\"WebSite\",\"@id\":\"https:\\\/\\\/friedmann-print.de\\\/en\\\/#website\",\"url\":\"https:\\\/\\\/friedmann-print.de\\\/en\\\/\",\"name\":\"www.friedmann-print.de\",\"description\":\"Friedmann Print Data Solutions GmbH\",\"potentialAction\":[{\"@type\":\"SearchAction\",\"target\":{\"@type\":\"EntryPoint\",\"urlTemplate\":\"https:\\\/\\\/friedmann-print.de\\\/en\\\/?s={search_term_string}\"},\"query-input\":{\"@type\":\"PropertyValueSpecification\",\"valueRequired\":true,\"valueName\":\"search_term_string\"}}],\"inLanguage\":\"fr-FR\"}]}<\/script>\n<!-- \/ Yoast SEO plugin. -->","yoast_head_json":{"title":"404 - www.friedmann-print.de","robots":{"index":"index","follow":"follow","max-snippet":"max-snippet:-1","max-image-preview":"max-image-preview:large","max-video-preview":"max-video-preview:-1"},"canonical":"https:\/\/friedmann-print.de\/fr\/404-2","og_locale":"fr_FR","og_type":"article","og_title":"404 - www.friedmann-print.de","og_url":"https:\/\/friedmann-print.de\/fr\/404-2","og_site_name":"www.friedmann-print.de","twitter_card":"summary_large_image","twitter_misc":{"Dur\u00e9e de lecture estim\u00e9e":"1 minute"},"schema":{"@context":"https:\/\/schema.org","@graph":[{"@type":"WebPage","@id":"https:\/\/friedmann-print.de\/fr\/404-2","url":"https:\/\/friedmann-print.de\/fr\/404-2","name":"404 - www.friedmann-print.de","isPartOf":{"@id":"https:\/\/friedmann-print.de\/en\/#website"},"datePublished":"2023-04-19T15:06:16+00:00","breadcrumb":{"@id":"https:\/\/friedmann-print.de\/fr\/404-2#breadcrumb"},"inLanguage":"fr-FR","potentialAction":[{"@type":"ReadAction","target":["https:\/\/friedmann-print.de\/fr\/404-2"]}]},{"@type":"BreadcrumbList","@id":"https:\/\/friedmann-print.de\/fr\/404-2#breadcrumb","itemListElement":[{"@type":"ListItem","position":1,"name":"Home","item":"https:\/\/friedmann-print.de\/fr"},{"@type":"ListItem","position":2,"name":"404"}]},{"@type":"WebSite","@id":"https:\/\/friedmann-print.de\/en\/#website","url":"https:\/\/friedmann-print.de\/en\/","name":"www.friedmann-print.de","description":"Friedmann Print Data Solutions GmbH","potentialAction":[{"@type":"SearchAction","target":{"@type":"EntryPoint","urlTemplate":"https:\/\/friedmann-print.de\/en\/?s={search_term_string}"},"query-input":{"@type":"PropertyValueSpecification","valueRequired":true,"valueName":"search_term_string"}}],"inLanguage":"fr-FR"}]}},"_links":{"self":[{"href":"https:\/\/friedmann-print.de\/fr\/wp-json\/wp\/v2\/pages\/10495","targetHints":{"allow":["GET"]}}],"collection":[{"href":"https:\/\/friedmann-print.de\/fr\/wp-json\/wp\/v2\/pages"}],"about":[{"href":"https:\/\/friedmann-print.de\/fr\/wp-json\/wp\/v2\/types\/page"}],"author":[{"embeddable":true,"href":"https:\/\/friedmann-print.de\/fr\/wp-json\/wp\/v2\/users\/3"}],"replies":[{"embeddable":true,"href":"https:\/\/friedmann-print.de\/fr\/wp-json\/wp\/v2\/comments?post=10495"}],"version-history":[{"count":0,"href":"https:\/\/friedmann-print.de\/fr\/wp-json\/wp\/v2\/pages\/10495\/revisions"}],"wp:attachment":[{"href":"https:\/\/friedmann-print.de\/fr\/wp-json\/wp\/v2\/media?parent=10495"}],"curies":[{"name":"wp","href":"https:\/\/api.w.org\/{rel}","templated":true}]}}